{"id":1125,"date":"2020-12-07T13:48:16","date_gmt":"2020-12-07T12:48:16","guid":{"rendered":"https:\/\/hmexecutive.com\/b2b\/InterimExecutive\/?page_id=1125"},"modified":"2025-01-03T11:50:45","modified_gmt":"2025-01-03T10:50:45","slug":"e-mobility","status":"publish","type":"page","link":"https:\/\/hotz-management.com\/b2b\/InterimExecutive\/e-mobility\/","title":{"rendered":"E-Mobility"},"content":{"rendered":"<!--themify_builder_content-->\n<div id=\"themify_builder_content-1125\" data-postid=\"1125\" class=\"themify_builder_content themify_builder_content-1125 themify_builder tf_clear\">\n                    <div  data-lazy=\"1\" class=\"module_row themify_builder_row tb_9l50152 tb_first tf_w\">\n                        <div class=\"row_inner col_align_top tb_col_count_1 tf_box tf_rel\">\n                        <div  data-lazy=\"1\" class=\"module_column tb-column col-full tb_9vvf153 first\">\n                    <!-- module text -->\n<div  class=\"module module-text tb_pc7i65   \" data-lazy=\"1\">\n        <div  class=\"tb_text_wrap\">\n        <h3>Wohin, Autoland?<\/h3>\n<h4>Elektrifizierung: Herausforderungen und Chancen<\/h4>\n<p>Die deutsche Automobilindustrie steht Anfang 2025 an einem entscheidenden Wendepunkt. Die Branche, einst ein Symbol f\u00fcr wirtschaftlichen Erfolg, sieht sich in Folge der Elektrifizierung mit einer tiefgreifenden Transformation konfrontiert. Zulieferer und gro\u00dfe Automobilkonzerne wie VW geraten zunehmend in die Krise, ausgel\u00f6st durch ver\u00e4nderte M\u00e4rkte, steigende Energiekosten und strenge Regulierungen. Kommen diese Herausforderungen \u00fcberraschend?<\/p>\n<h6><span style=\"font-weight: bold;\">Ursachen des Wandels<\/span><\/h6>\n<p>Die Umw\u00e4lzungen in der Autobranche lassen sich auf vier zentrale Treiber zur\u00fcckf\u00fchren:<\/p>\n<ol>\n<li><span style=\"font-weight: bold;\">S\u00e4ttigung der M\u00e4rkte:<\/span> Das Wachstum konzentriert sich fast ausschlie\u00dflich auf Schwellenl\u00e4nder, w\u00e4hrend Europa und die USA stagnieren.<\/li>\n<li><span style=\"font-weight: bold;\">Dekarbonisierung:<\/span> Klimawandel und politische Vorgaben machen eine Elektrifizierung unumg\u00e4nglich.<\/li>\n<li><span style=\"font-weight: bold;\">Elektrifizierung:<\/span> Bereits 2004 begann der Umbruch mit der Entwicklung des Tesla Roadster. Der Diesel-Skandal 2015 beschleunigte diesen Trend.<\/li>\n<li><span style=\"font-weight: bold;\">Software-Revolution:<\/span> Elektronik und Software definieren zunehmend die Innovationen im Fahrzeugbau.<\/li>\n<\/ol>\n<h6>Die Transformation: Chance oder Bedrohung?<\/h6>\n<p>W\u00e4hrend Batterietechnologien in den letzten 20 Jahren immense Fortschritte machten \u2013 mit sinkenden Kosten und steigender Energiedichte \u2013 stagniert die Entwicklung des Verbrennungsmotors. Die Zukunft geh\u00f6rt den E-Antrieben, die in wenigen Jahren nicht nur \u00f6kologisch, sondern auch wirtschaftlich \u00fcberlegen sein werden.<\/p>\n<h6>Deutsche Unternehmen im R\u00fcckstand<\/h6>\n<p>Viele deutsche Mittelst\u00e4ndler und Konzerne untersch\u00e4tzen die Dringlichkeit der Transformation. Eine Mehrheit der Unternehmen reagiert mit Abwehrhaltung oder vernachl\u00e4ssigt notwendige Anpassungen. Dies hat bereits zahlreiche Insolvenzen zur Folge.<\/p>\n<h6>Hoffnung durch Innovation und Image<\/h6>\n<p>Trotz allem bleibt Deutschland weltweit f\u00fcr seine technologischen Innovationen respektiert. Patentanmeldungen in Bereichen wie Elektromobilit\u00e4t und Batterietechnologie zeigen, dass das Land nach wie vor eine f\u00fchrende Rolle spielt. Doch das wirtschaftliche Potenzial wird h\u00e4ufig von Unternehmen im Ausland besser genutzt.<\/p>\n<h6>Business Development als Schl\u00fcssel zur Transformation<\/h6>\n<p>Wenn OEMs restrukturieren, brauchen Zulieferer erfahrene Lotsen durch die Transformation. Business Development-Experten, erfahrene Interim Manager sind in der Lage, die aktuellen Herausforderungen pr\u00e4zise zu analysieren und notwendige Ma\u00dfnahmen zu initiieren. Die Schwerpunkte sollten dabei auf folgenden Ans\u00e4tzen liegen:<\/p>\n<ol>\n<li><span style=\"font-weight: bold;\">Marktanalyse und Positionierung: <\/span>Eine genaue Bewertung globaler Trends, technologischer Entwicklungen und wachsender M\u00e4rkte, um die eigenen St\u00e4rken neu zu positionieren.<\/li>\n<li><span style=\"font-weight: bold;\">Technologische Transformation:<\/span> Unterst\u00fctzung bei der Umstellung auf zukunftssichere Technologien wie Elektromobilit\u00e4t, Batterien und Softwarel\u00f6sungen.<\/li>\n<li><span style=\"font-weight: bold;\">Proaktive Ver\u00e4nderungskultur:<\/span> Aufbau einer Kultur der Agilit\u00e4t und Innovationsbereitschaft, um Widerst\u00e4nde zu \u00fcberwinden und Transformation aktiv zu gestalten.<\/li>\n<li><span style=\"font-weight: bold;\">Kooperation und Netzwerkaufbau: <\/span>Zusammenarbeit mit internationalen Partnern, um Zugang zu f\u00fchrenden Innovationen und M\u00e4rkten zu sichern.<\/li>\n<\/ol>\n<p>Mit einem strukturierten und entschlossenen Ansatz unterst\u00fctzen wir Sie, die Wettbewerbsf\u00e4higkeit zu sichern und neue Wachstumschancen zu erschlie\u00dfen. Der Schl\u00fcssel liegt darin, nicht nur Risiken zu managen, sondern gezielt auf langfristige Chancen zu setzen.<\/p>\n<p><span style=\"font-weight: bold;\">Innerhalb von 3-4 Monaten sind erste Erfolge m\u00f6glich. Das haben wir bewiesen und erl\u00e4utern Ihnen gerne, wie!<\/span><\/p>    <\/div>\n<\/div>\n<!-- \/module text -->        <\/div>\n                        <\/div>\n        <\/div>\n        <\/div>\n<!--\/themify_builder_content-->","protected":false},"excerpt":{"rendered":"<p>Wohin, Autoland? Elektrifizierung: Herausforderungen und Chancen Die deutsche Automobilindustrie steht Anfang 2025 an einem entscheidenden Wendepunkt. Die Branche, einst ein Symbol f\u00fcr wirtschaftlichen Erfolg, sieht sich in Folge der Elektrifizierung mit einer tiefgreifenden Transformation konfrontiert. Zulieferer und gro\u00dfe Automobilkonzerne wie VW geraten zunehmend in die Krise, ausgel\u00f6st durch ver\u00e4nderte M\u00e4rkte, steigende Energiekosten und strenge Regulierungen. [&hellip;]<\/p>\n","protected":false},"author":1,"featured_media":0,"parent":0,"menu_order":0,"comment_status":"closed","ping_status":"closed","template":"","meta":{"footnotes":""},"class_list":["post-1125","page","type-page","status-publish","hentry","has-post-title","has-post-date","has-post-category","has-post-tag","has-post-comment","has-post-author",""],"yoast_head":"<!-- This site is optimized with the Yoast SEO plugin v27.3 - https:\/\/yoast.com\/product\/yoast-seo-wordpress\/ -->\n<title>E-Mobility - HOTZ-Management GmbH<\/title>\n<meta name=\"robots\" content=\"index, follow, max-snippet:-1, max-image-preview:large, max-video-preview:-1\" \/>\n<link rel=\"canonical\" href=\"https:\/\/hotz-management.com\/b2b\/InterimExecutive\/e-mobility\/\" \/>\n<meta property=\"og:locale\" content=\"de_DE\" \/>\n<meta property=\"og:type\" content=\"article\" \/>\n<meta property=\"og:title\" content=\"E-Mobility - HOTZ-Management GmbH\" \/>\n<meta property=\"og:description\" content=\"Wohin, Autoland? Elektrifizierung: Herausforderungen und Chancen Die deutsche Automobilindustrie steht Anfang 2025 an einem entscheidenden Wendepunkt. Die Branche, einst ein Symbol f\u00fcr wirtschaftlichen Erfolg, sieht sich in Folge der Elektrifizierung mit einer tiefgreifenden Transformation konfrontiert. Zulieferer und gro\u00dfe Automobilkonzerne wie VW geraten zunehmend in die Krise, ausgel\u00f6st durch ver\u00e4nderte M\u00e4rkte, steigende Energiekosten und strenge Regulierungen. [&hellip;]\" \/>\n<meta property=\"og:url\" content=\"https:\/\/hotz-management.com\/b2b\/InterimExecutive\/e-mobility\/\" \/>\n<meta property=\"og:site_name\" content=\"HOTZ-Management GmbH\" \/>\n<meta property=\"article:modified_time\" content=\"2025-01-03T10:50:45+00:00\" \/>\n<meta name=\"twitter:card\" content=\"summary_large_image\" \/>\n<script type=\"application\/ld+json\" class=\"yoast-schema-graph\">{\"@context\":\"https:\\\/\\\/schema.org\",\"@graph\":[{\"@type\":\"WebPage\",\"@id\":\"https:\\\/\\\/hotz-management.com\\\/b2b\\\/InterimExecutive\\\/e-mobility\\\/\",\"url\":\"https:\\\/\\\/hotz-management.com\\\/b2b\\\/InterimExecutive\\\/e-mobility\\\/\",\"name\":\"E-Mobility - HOTZ-Management GmbH\",\"isPartOf\":{\"@id\":\"https:\\\/\\\/hotz-management.com\\\/b2b\\\/InterimExecutive\\\/#website\"},\"datePublished\":\"2020-12-07T12:48:16+00:00\",\"dateModified\":\"2025-01-03T10:50:45+00:00\",\"breadcrumb\":{\"@id\":\"https:\\\/\\\/hotz-management.com\\\/b2b\\\/InterimExecutive\\\/e-mobility\\\/#breadcrumb\"},\"inLanguage\":\"de\",\"potentialAction\":[{\"@type\":\"ReadAction\",\"target\":[\"https:\\\/\\\/hotz-management.com\\\/b2b\\\/InterimExecutive\\\/e-mobility\\\/\"]}]},{\"@type\":\"BreadcrumbList\",\"@id\":\"https:\\\/\\\/hotz-management.com\\\/b2b\\\/InterimExecutive\\\/e-mobility\\\/#breadcrumb\",\"itemListElement\":[{\"@type\":\"ListItem\",\"position\":1,\"name\":\"Startseite\",\"item\":\"https:\\\/\\\/hotz-management.com\\\/b2b\\\/InterimExecutive\\\/\"},{\"@type\":\"ListItem\",\"position\":2,\"name\":\"E-Mobility\"}]},{\"@type\":\"WebSite\",\"@id\":\"https:\\\/\\\/hotz-management.com\\\/b2b\\\/InterimExecutive\\\/#website\",\"url\":\"https:\\\/\\\/hotz-management.com\\\/b2b\\\/InterimExecutive\\\/\",\"name\":\"HOTZ-Management GmbH\",\"description\":\"Der Gesch\u00e4ftsentwickler\",\"potentialAction\":[{\"@type\":\"SearchAction\",\"target\":{\"@type\":\"EntryPoint\",\"urlTemplate\":\"https:\\\/\\\/hotz-management.com\\\/b2b\\\/InterimExecutive\\\/?s={search_term_string}\"},\"query-input\":{\"@type\":\"PropertyValueSpecification\",\"valueRequired\":true,\"valueName\":\"search_term_string\"}}],\"inLanguage\":\"de\"}]}<\/script>\n<!-- \/ Yoast SEO plugin. -->","yoast_head_json":{"title":"E-Mobility - HOTZ-Management GmbH","robots":{"index":"index","follow":"follow","max-snippet":"max-snippet:-1","max-image-preview":"max-image-preview:large","max-video-preview":"max-video-preview:-1"},"canonical":"https:\/\/hotz-management.com\/b2b\/InterimExecutive\/e-mobility\/","og_locale":"de_DE","og_type":"article","og_title":"E-Mobility - HOTZ-Management GmbH","og_description":"Wohin, Autoland? Elektrifizierung: Herausforderungen und Chancen Die deutsche Automobilindustrie steht Anfang 2025 an einem entscheidenden Wendepunkt. Die Branche, einst ein Symbol f\u00fcr wirtschaftlichen Erfolg, sieht sich in Folge der Elektrifizierung mit einer tiefgreifenden Transformation konfrontiert. Zulieferer und gro\u00dfe Automobilkonzerne wie VW geraten zunehmend in die Krise, ausgel\u00f6st durch ver\u00e4nderte M\u00e4rkte, steigende Energiekosten und strenge Regulierungen. [&hellip;]","og_url":"https:\/\/hotz-management.com\/b2b\/InterimExecutive\/e-mobility\/","og_site_name":"HOTZ-Management GmbH","article_modified_time":"2025-01-03T10:50:45+00:00","twitter_card":"summary_large_image","schema":{"@context":"https:\/\/schema.org","@graph":[{"@type":"WebPage","@id":"https:\/\/hotz-management.com\/b2b\/InterimExecutive\/e-mobility\/","url":"https:\/\/hotz-management.com\/b2b\/InterimExecutive\/e-mobility\/","name":"E-Mobility - HOTZ-Management GmbH","isPartOf":{"@id":"https:\/\/hotz-management.com\/b2b\/InterimExecutive\/#website"},"datePublished":"2020-12-07T12:48:16+00:00","dateModified":"2025-01-03T10:50:45+00:00","breadcrumb":{"@id":"https:\/\/hotz-management.com\/b2b\/InterimExecutive\/e-mobility\/#breadcrumb"},"inLanguage":"de","potentialAction":[{"@type":"ReadAction","target":["https:\/\/hotz-management.com\/b2b\/InterimExecutive\/e-mobility\/"]}]},{"@type":"BreadcrumbList","@id":"https:\/\/hotz-management.com\/b2b\/InterimExecutive\/e-mobility\/#breadcrumb","itemListElement":[{"@type":"ListItem","position":1,"name":"Startseite","item":"https:\/\/hotz-management.com\/b2b\/InterimExecutive\/"},{"@type":"ListItem","position":2,"name":"E-Mobility"}]},{"@type":"WebSite","@id":"https:\/\/hotz-management.com\/b2b\/InterimExecutive\/#website","url":"https:\/\/hotz-management.com\/b2b\/InterimExecutive\/","name":"HOTZ-Management GmbH","description":"Der Gesch\u00e4ftsentwickler","potentialAction":[{"@type":"SearchAction","target":{"@type":"EntryPoint","urlTemplate":"https:\/\/hotz-management.com\/b2b\/InterimExecutive\/?s={search_term_string}"},"query-input":{"@type":"PropertyValueSpecification","valueRequired":true,"valueName":"search_term_string"}}],"inLanguage":"de"}]}},"builder_content":"<h3>Wohin, Autoland?<\/h3> <h4>Elektrifizierung: Herausforderungen und Chancen<\/h4> <p>Die deutsche Automobilindustrie steht Anfang 2025 an einem entscheidenden Wendepunkt. Die Branche, einst ein Symbol f\u00fcr wirtschaftlichen Erfolg, sieht sich in Folge der Elektrifizierung mit einer tiefgreifenden Transformation konfrontiert. Zulieferer und gro\u00dfe Automobilkonzerne wie VW geraten zunehmend in die Krise, ausgel\u00f6st durch ver\u00e4nderte M\u00e4rkte, steigende Energiekosten und strenge Regulierungen. Kommen diese Herausforderungen \u00fcberraschend?<\/p> <h6>Ursachen des Wandels<\/h6> <p>Die Umw\u00e4lzungen in der Autobranche lassen sich auf vier zentrale Treiber zur\u00fcckf\u00fchren:<\/p> <ol> <li>S\u00e4ttigung der M\u00e4rkte: Das Wachstum konzentriert sich fast ausschlie\u00dflich auf Schwellenl\u00e4nder, w\u00e4hrend Europa und die USA stagnieren.<\/li> <li>Dekarbonisierung: Klimawandel und politische Vorgaben machen eine Elektrifizierung unumg\u00e4nglich.<\/li> <li>Elektrifizierung: Bereits 2004 begann der Umbruch mit der Entwicklung des Tesla Roadster. Der Diesel-Skandal 2015 beschleunigte diesen Trend.<\/li> <li>Software-Revolution: Elektronik und Software definieren zunehmend die Innovationen im Fahrzeugbau.<\/li> <\/ol> <h6>Die Transformation: Chance oder Bedrohung?<\/h6> <p>W\u00e4hrend Batterietechnologien in den letzten 20 Jahren immense Fortschritte machten \u2013 mit sinkenden Kosten und steigender Energiedichte \u2013 stagniert die Entwicklung des Verbrennungsmotors. Die Zukunft geh\u00f6rt den E-Antrieben, die in wenigen Jahren nicht nur \u00f6kologisch, sondern auch wirtschaftlich \u00fcberlegen sein werden.<\/p> <h6>Deutsche Unternehmen im R\u00fcckstand<\/h6> <p>Viele deutsche Mittelst\u00e4ndler und Konzerne untersch\u00e4tzen die Dringlichkeit der Transformation. Eine Mehrheit der Unternehmen reagiert mit Abwehrhaltung oder vernachl\u00e4ssigt notwendige Anpassungen. Dies hat bereits zahlreiche Insolvenzen zur Folge.<\/p> <h6>Hoffnung durch Innovation und Image<\/h6> <p>Trotz allem bleibt Deutschland weltweit f\u00fcr seine technologischen Innovationen respektiert. Patentanmeldungen in Bereichen wie Elektromobilit\u00e4t und Batterietechnologie zeigen, dass das Land nach wie vor eine f\u00fchrende Rolle spielt. Doch das wirtschaftliche Potenzial wird h\u00e4ufig von Unternehmen im Ausland besser genutzt.<\/p> <h6>Business Development als Schl\u00fcssel zur Transformation<\/h6> <p>Wenn OEMs restrukturieren, brauchen Zulieferer erfahrene Lotsen durch die Transformation. Business Development-Experten, erfahrene Interim Manager sind in der Lage, die aktuellen Herausforderungen pr\u00e4zise zu analysieren und notwendige Ma\u00dfnahmen zu initiieren. Die Schwerpunkte sollten dabei auf folgenden Ans\u00e4tzen liegen:<\/p> <ol> <li>Marktanalyse und Positionierung: Eine genaue Bewertung globaler Trends, technologischer Entwicklungen und wachsender M\u00e4rkte, um die eigenen St\u00e4rken neu zu positionieren.<\/li> <li>Technologische Transformation: Unterst\u00fctzung bei der Umstellung auf zukunftssichere Technologien wie Elektromobilit\u00e4t, Batterien und Softwarel\u00f6sungen.<\/li> <li>Proaktive Ver\u00e4nderungskultur: Aufbau einer Kultur der Agilit\u00e4t und Innovationsbereitschaft, um Widerst\u00e4nde zu \u00fcberwinden und Transformation aktiv zu gestalten.<\/li> <li>Kooperation und Netzwerkaufbau: Zusammenarbeit mit internationalen Partnern, um Zugang zu f\u00fchrenden Innovationen und M\u00e4rkten zu sichern.<\/li> <\/ol> <p>Mit einem strukturierten und entschlossenen Ansatz unterst\u00fctzen wir Sie, die Wettbewerbsf\u00e4higkeit zu sichern und neue Wachstumschancen zu erschlie\u00dfen. Der Schl\u00fcssel liegt darin, nicht nur Risiken zu managen, sondern gezielt auf langfristige Chancen zu setzen.<\/p> <p>Innerhalb von 3-4 Monaten sind erste Erfolge m\u00f6glich. Das haben wir bewiesen und erl\u00e4utern Ihnen gerne, wie!<\/p>","_links":{"self":[{"href":"https:\/\/hotz-management.com\/b2b\/InterimExecutive\/wp-json\/wp\/v2\/pages\/1125","targetHints":{"allow":["GET"]}}],"collection":[{"href":"https:\/\/hotz-management.com\/b2b\/InterimExecutive\/wp-json\/wp\/v2\/pages"}],"about":[{"href":"https:\/\/hotz-management.com\/b2b\/InterimExecutive\/wp-json\/wp\/v2\/types\/page"}],"author":[{"embeddable":true,"href":"https:\/\/hotz-management.com\/b2b\/InterimExecutive\/wp-json\/wp\/v2\/users\/1"}],"replies":[{"embeddable":true,"href":"https:\/\/hotz-management.com\/b2b\/InterimExecutive\/wp-json\/wp\/v2\/comments?post=1125"}],"version-history":[{"count":9,"href":"https:\/\/hotz-management.com\/b2b\/InterimExecutive\/wp-json\/wp\/v2\/pages\/1125\/revisions"}],"predecessor-version":[{"id":1599,"href":"https:\/\/hotz-management.com\/b2b\/InterimExecutive\/wp-json\/wp\/v2\/pages\/1125\/revisions\/1599"}],"wp:attachment":[{"href":"https:\/\/hotz-management.com\/b2b\/InterimExecutive\/wp-json\/wp\/v2\/media?parent=1125"}],"curies":[{"name":"wp","href":"https:\/\/api.w.org\/{rel}","templated":true}]}}